{"id":2522,"date":"2025-08-06T10:26:46","date_gmt":"2025-08-06T08:26:46","guid":{"rendered":"https:\/\/todocarritos.com\/?product=premium-pizzawagen"},"modified":"2025-08-06T10:26:46","modified_gmt":"2025-08-06T08:26:46","slug":"premium-pizzawagen","status":"publish","type":"product","link":"https:\/\/todocarritos.com\/de\/premium-pizzawagen","title":{"rendered":"Premium-Pizzawagen"},"content":{"rendered":"","protected":false},"excerpt":{"rendered":"\n<p><strong>Servieren Sie Pizzen mit Rhythmus und einem professionellen Image, wo immer Sie hingehen.<\/strong>  Der Premium-Pizzawagen kombiniert sichere Mobilit\u00e4t, hygienische Arbeitsfl\u00e4che und Markensichtbarkeit, um ein effektives Pizzagesch\u00e4ft auf Veranstaltungen, Messen und im Catering einzurichten.<\/p>\n","protected":false},"featured_media":4354,"comment_status":"open","ping_status":"closed","template":"","meta":{"_acf_changed":false},"product_brand":[],"product_cat":[163,164,134,191,190,166,201,133],"class_list":{"0":"post-2522","1":"product","2":"type-product","3":"status-publish","4":"has-post-thumbnail","6":"product_cat-abendmahlswagen","7":"product_cat-geburtstags-trolleys","8":"product_cat-jahrmarktswagen","9":"product_cat-kulinarik-wagen","10":"product_cat-lebensmittelwagen","11":"product_cat-partywagen-fur-kinder","12":"product_cat-pizzawagen","13":"product_cat-trolleys-fuer-veranstaltungen","15":"first","16":"instock","17":"taxable","18":"shipping-taxable","19":"product-type-simple"},"acf":[],"_links":{"self":[{"href":"https:\/\/todocarritos.com\/de\/wp-json\/wp\/v2\/product\/2522","targetHints":{"allow":["GET"]}}],"collection":[{"href":"https:\/\/todocarritos.com\/de\/wp-json\/wp\/v2\/product"}],"about":[{"href":"https:\/\/todocarritos.com\/de\/wp-json\/wp\/v2\/types\/product"}],"replies":[{"embeddable":true,"href":"https:\/\/todocarritos.com\/de\/wp-json\/wp\/v2\/comments?post=2522"}],"wp:featuredmedia":[{"embeddable":true,"href":"https:\/\/todocarritos.com\/de\/wp-json\/wp\/v2\/media\/4354"}],"wp:attachment":[{"href":"https:\/\/todocarritos.com\/de\/wp-json\/wp\/v2\/media?parent=2522"}],"wp:term":[{"taxonomy":"product_brand","embeddable":true,"href":"https:\/\/todocarritos.com\/de\/wp-json\/wp\/v2\/product_brand?post=2522"},{"taxonomy":"product_cat","embeddable":true,"href":"https:\/\/todocarritos.com\/de\/wp-json\/wp\/v2\/product_cat?post=2522"}],"curies":[{"name":"wp","href":"https:\/\/api.w.org\/{rel}","templated":true}]}}