{"id":2503,"date":"2025-08-06T10:34:27","date_gmt":"2025-08-06T08:34:27","guid":{"rendered":"https:\/\/todocarritos.com\/?product=deluxe-sushi-wagen"},"modified":"2025-08-06T10:34:27","modified_gmt":"2025-08-06T08:34:27","slug":"deluxe-sushi-wagen","status":"publish","type":"product","link":"https:\/\/todocarritos.com\/de\/deluxe-sushi-wagen","title":{"rendered":"Deluxe Sushi-Wagen"},"content":{"rendered":"","protected":false},"excerpt":{"rendered":"\n<p><strong>Pr\u00e4sentieren Sie Ihre Sushi-Bar auf jeder Veranstaltung mit einer mobilen, sichtbaren und professionellen Verkaufsstelle.<\/strong>  Der Deluxe Sushi-Trolley kombiniert \u00c4sthetik, Mobilit\u00e4t und Arbeitsfl\u00e4che, um frisches Sushi schnell und ordentlich zu servieren.<\/p>\n","protected":false},"featured_media":4097,"comment_status":"open","ping_status":"closed","template":"","meta":{"_acf_changed":false},"product_brand":[],"product_cat":[167,168,165,191,190,192,133],"class_list":{"0":"post-2503","1":"product","2":"type-product","3":"status-publish","4":"has-post-thumbnail","6":"product_cat-business-trolleys","7":"product_cat-catering-wagen","8":"product_cat-hochzeitstrolleys","9":"product_cat-kulinarik-wagen","10":"product_cat-lebensmittelwagen","11":"product_cat-sushi-wagen","12":"product_cat-trolleys-fuer-veranstaltungen","14":"first","15":"instock","16":"taxable","17":"shipping-taxable","18":"product-type-simple"},"acf":[],"_links":{"self":[{"href":"https:\/\/todocarritos.com\/de\/wp-json\/wp\/v2\/product\/2503","targetHints":{"allow":["GET"]}}],"collection":[{"href":"https:\/\/todocarritos.com\/de\/wp-json\/wp\/v2\/product"}],"about":[{"href":"https:\/\/todocarritos.com\/de\/wp-json\/wp\/v2\/types\/product"}],"replies":[{"embeddable":true,"href":"https:\/\/todocarritos.com\/de\/wp-json\/wp\/v2\/comments?post=2503"}],"wp:featuredmedia":[{"embeddable":true,"href":"https:\/\/todocarritos.com\/de\/wp-json\/wp\/v2\/media\/4097"}],"wp:attachment":[{"href":"https:\/\/todocarritos.com\/de\/wp-json\/wp\/v2\/media?parent=2503"}],"wp:term":[{"taxonomy":"product_brand","embeddable":true,"href":"https:\/\/todocarritos.com\/de\/wp-json\/wp\/v2\/product_brand?post=2503"},{"taxonomy":"product_cat","embeddable":true,"href":"https:\/\/todocarritos.com\/de\/wp-json\/wp\/v2\/product_cat?post=2503"}],"curies":[{"name":"wp","href":"https:\/\/api.w.org\/{rel}","templated":true}]}}