{"id":2499,"date":"2025-08-06T10:36:03","date_gmt":"2025-08-06T08:36:03","guid":{"rendered":"https:\/\/todocarritos.com\/?product=essential-cocktail-trolley"},"modified":"2025-08-06T10:36:03","modified_gmt":"2025-08-06T08:36:03","slug":"essential-cocktail-trolley","status":"publish","type":"product","link":"https:\/\/todocarritos.com\/de\/essential-cocktail-trolley","title":{"rendered":"Essential Cocktail Trolley"},"content":{"rendered":"","protected":false},"excerpt":{"rendered":"\n<p><strong>Servieren Sie Cocktails, wo immer Sie wollen, ohne sich umst\u00e4ndlich darum k\u00fcmmern zu m\u00fcssen.<\/strong> Der Essential Cocktail Trolley bietet alles, was Sie brauchen, um eine funktionelle mobile Bar einzurichten: ein <strong>farbiges Standarddach<\/strong>, eine <strong>wei\u00dfe oder rostfreie Theke<\/strong> und <strong>4 Schwenkr\u00e4der mit Bremsen<\/strong>, um sich auf Veranstaltungen, Messen und Terrassen sicher zu bewegen.<\/p>\n","protected":false},"featured_media":3862,"comment_status":"open","ping_status":"closed","template":"","meta":{"_acf_changed":false},"product_brand":[],"product_cat":[167,168,184,131,165,134,133],"class_list":{"0":"post-2499","1":"product","2":"type-product","3":"status-publish","4":"has-post-thumbnail","6":"product_cat-business-trolleys","7":"product_cat-catering-wagen","8":"product_cat-cocktailwagen","9":"product_cat-getraenkewagen","10":"product_cat-hochzeitstrolleys","11":"product_cat-jahrmarktswagen","12":"product_cat-trolleys-fuer-veranstaltungen","14":"first","15":"instock","16":"taxable","17":"shipping-taxable","18":"product-type-simple"},"acf":[],"_links":{"self":[{"href":"https:\/\/todocarritos.com\/de\/wp-json\/wp\/v2\/product\/2499","targetHints":{"allow":["GET"]}}],"collection":[{"href":"https:\/\/todocarritos.com\/de\/wp-json\/wp\/v2\/product"}],"about":[{"href":"https:\/\/todocarritos.com\/de\/wp-json\/wp\/v2\/types\/product"}],"replies":[{"embeddable":true,"href":"https:\/\/todocarritos.com\/de\/wp-json\/wp\/v2\/comments?post=2499"}],"wp:featuredmedia":[{"embeddable":true,"href":"https:\/\/todocarritos.com\/de\/wp-json\/wp\/v2\/media\/3862"}],"wp:attachment":[{"href":"https:\/\/todocarritos.com\/de\/wp-json\/wp\/v2\/media?parent=2499"}],"wp:term":[{"taxonomy":"product_brand","embeddable":true,"href":"https:\/\/todocarritos.com\/de\/wp-json\/wp\/v2\/product_brand?post=2499"},{"taxonomy":"product_cat","embeddable":true,"href":"https:\/\/todocarritos.com\/de\/wp-json\/wp\/v2\/product_cat?post=2499"}],"curies":[{"name":"wp","href":"https:\/\/api.w.org\/{rel}","templated":true}]}}