{"id":2487,"date":"2025-08-06T10:38:48","date_gmt":"2025-08-06T08:38:48","guid":{"rendered":"https:\/\/todocarritos.com\/?product=essential-slush-trolley"},"modified":"2025-08-06T10:38:48","modified_gmt":"2025-08-06T08:38:48","slug":"essential-slush-trolley","status":"publish","type":"product","link":"https:\/\/todocarritos.com\/de\/essential-slush-trolley","title":{"rendered":"Essential Slush Trolley"},"content":{"rendered":"","protected":false},"excerpt":{"rendered":"\n<p><strong>Der Essential Slush Trolley<\/strong> ist Ihre praktische und wirtschaftliche Wahl f\u00fcr den Verkauf von Slush mit Beweglichkeit. Er verf\u00fcgt \u00fcber ein <strong>standardm\u00e4\u00dfiges farbiges Verdeck<\/strong>, eine <strong>wei\u00dfe oder rostfreie Stahltheke<\/strong> und <strong>4 Schwenkr\u00e4der mit Bremsen<\/strong> f\u00fcr kontrollierte Mobilit\u00e4t bei Veranstaltungen, Messen und tempor\u00e4ren Verkaufsstellen. <\/p>\n","protected":false},"featured_media":3817,"comment_status":"open","ping_status":"closed","template":"","meta":{"_acf_changed":false},"product_brand":[],"product_cat":[163,167,168,164,131,165,134,166,162,133],"class_list":{"0":"post-2487","1":"product","2":"type-product","3":"status-publish","4":"has-post-thumbnail","6":"product_cat-abendmahlswagen","7":"product_cat-business-trolleys","8":"product_cat-catering-wagen","9":"product_cat-geburtstags-trolleys","10":"product_cat-getraenkewagen","11":"product_cat-hochzeitstrolleys","12":"product_cat-jahrmarktswagen","13":"product_cat-partywagen-fur-kinder","14":"product_cat-schneematsch-wagen","15":"product_cat-trolleys-fuer-veranstaltungen","17":"first","18":"instock","19":"taxable","20":"shipping-taxable","21":"product-type-simple"},"acf":[],"_links":{"self":[{"href":"https:\/\/todocarritos.com\/de\/wp-json\/wp\/v2\/product\/2487","targetHints":{"allow":["GET"]}}],"collection":[{"href":"https:\/\/todocarritos.com\/de\/wp-json\/wp\/v2\/product"}],"about":[{"href":"https:\/\/todocarritos.com\/de\/wp-json\/wp\/v2\/types\/product"}],"replies":[{"embeddable":true,"href":"https:\/\/todocarritos.com\/de\/wp-json\/wp\/v2\/comments?post=2487"}],"wp:featuredmedia":[{"embeddable":true,"href":"https:\/\/todocarritos.com\/de\/wp-json\/wp\/v2\/media\/3817"}],"wp:attachment":[{"href":"https:\/\/todocarritos.com\/de\/wp-json\/wp\/v2\/media?parent=2487"}],"wp:term":[{"taxonomy":"product_brand","embeddable":true,"href":"https:\/\/todocarritos.com\/de\/wp-json\/wp\/v2\/product_brand?post=2487"},{"taxonomy":"product_cat","embeddable":true,"href":"https:\/\/todocarritos.com\/de\/wp-json\/wp\/v2\/product_cat?post=2487"}],"curies":[{"name":"wp","href":"https:\/\/api.w.org\/{rel}","templated":true}]}}