{"id":2479,"date":"2025-08-06T10:39:38","date_gmt":"2025-08-06T08:39:38","guid":{"rendered":"https:\/\/todocarritos.com\/?product=essential-juice-trolley"},"modified":"2025-09-16T09:40:41","modified_gmt":"2025-09-16T07:40:41","slug":"essential-saftwagen","status":"publish","type":"product","link":"https:\/\/todocarritos.com\/de\/essential-saftwagen","title":{"rendered":"Essential Saftwagen"},"content":{"rendered":"","protected":false},"excerpt":{"rendered":"<p><strong>Der Essential Juice Trolley<\/strong> ist die wirtschaftlichste und funktionellste Option f\u00fcr den effizienten Verkauf frischer S\u00e4fte. Ausgestattet mit einer <strong>farbigen Standardhaube<\/strong> und einer <strong>wei\u00dfen oder rostfreien Theke<\/strong> ist dieser Wagen ideal f\u00fcr alle, die Qualit\u00e4t ohne viel Aufhebens suchen. Mit seiner hervorragenden Mobilit\u00e4t und Stabilit\u00e4t ist er perfekt f\u00fcr Veranstaltungen, Messen und tempor\u00e4re Verkaufsstellen geeignet.<\/p>\n","protected":false},"featured_media":3787,"comment_status":"open","ping_status":"closed","template":"","meta":{"_acf_changed":false},"product_brand":[],"product_cat":[131,134,152,133],"class_list":{"0":"post-2479","1":"product","2":"type-product","3":"status-publish","4":"has-post-thumbnail","6":"product_cat-getraenkewagen","7":"product_cat-jahrmarktswagen","8":"product_cat-saftwagen","9":"product_cat-trolleys-fuer-veranstaltungen","11":"first","12":"instock","13":"taxable","14":"shipping-taxable","15":"product-type-simple"},"acf":[],"_links":{"self":[{"href":"https:\/\/todocarritos.com\/de\/wp-json\/wp\/v2\/product\/2479","targetHints":{"allow":["GET"]}}],"collection":[{"href":"https:\/\/todocarritos.com\/de\/wp-json\/wp\/v2\/product"}],"about":[{"href":"https:\/\/todocarritos.com\/de\/wp-json\/wp\/v2\/types\/product"}],"replies":[{"embeddable":true,"href":"https:\/\/todocarritos.com\/de\/wp-json\/wp\/v2\/comments?post=2479"}],"wp:featuredmedia":[{"embeddable":true,"href":"https:\/\/todocarritos.com\/de\/wp-json\/wp\/v2\/media\/3787"}],"wp:attachment":[{"href":"https:\/\/todocarritos.com\/de\/wp-json\/wp\/v2\/media?parent=2479"}],"wp:term":[{"taxonomy":"product_brand","embeddable":true,"href":"https:\/\/todocarritos.com\/de\/wp-json\/wp\/v2\/product_brand?post=2479"},{"taxonomy":"product_cat","embeddable":true,"href":"https:\/\/todocarritos.com\/de\/wp-json\/wp\/v2\/product_cat?post=2479"}],"curies":[{"name":"wp","href":"https:\/\/api.w.org\/{rel}","templated":true}]}}