{"id":2471,"date":"2025-08-06T10:41:31","date_gmt":"2025-08-06T08:41:31","guid":{"rendered":"https:\/\/todocarritos.com\/?product=deluxe-safttrolley"},"modified":"2025-08-06T10:41:31","modified_gmt":"2025-08-06T08:41:31","slug":"deluxe-safttrolley","status":"publish","type":"product","link":"https:\/\/todocarritos.com\/de\/deluxe-safttrolley","title":{"rendered":"Deluxe Safttrolley"},"content":{"rendered":"","protected":false},"excerpt":{"rendered":"\n<p><strong>Der Deluxe Juice Trolley<\/strong> ist die perfekte Wahl f\u00fcr das Angebot von frischen, nat\u00fcrlichen S\u00e4ften auf jeder Veranstaltung oder am Verkaufsort. Mit seinem <strong>speziell gef\u00e4rbten Dach<\/strong>, einer <strong>wei\u00dfen oder Edelstahltheke<\/strong> und <strong>integrierter Beschilderung<\/strong> ist dieser Wagen so konzipiert, dass er Kunden anzieht und gleichzeitig ein hohes Ma\u00df an Funktionalit\u00e4t und Mobilit\u00e4t bietet. <\/p>\n","protected":false},"featured_media":4107,"comment_status":"open","ping_status":"closed","template":"","meta":{"_acf_changed":false},"product_brand":[],"product_cat":[131,134,152,133],"class_list":{"0":"post-2471","1":"product","2":"type-product","3":"status-publish","4":"has-post-thumbnail","6":"product_cat-getraenkewagen","7":"product_cat-jahrmarktswagen","8":"product_cat-saftwagen","9":"product_cat-trolleys-fuer-veranstaltungen","11":"first","12":"instock","13":"taxable","14":"shipping-taxable","15":"product-type-simple"},"acf":[],"_links":{"self":[{"href":"https:\/\/todocarritos.com\/de\/wp-json\/wp\/v2\/product\/2471","targetHints":{"allow":["GET"]}}],"collection":[{"href":"https:\/\/todocarritos.com\/de\/wp-json\/wp\/v2\/product"}],"about":[{"href":"https:\/\/todocarritos.com\/de\/wp-json\/wp\/v2\/types\/product"}],"replies":[{"embeddable":true,"href":"https:\/\/todocarritos.com\/de\/wp-json\/wp\/v2\/comments?post=2471"}],"wp:featuredmedia":[{"embeddable":true,"href":"https:\/\/todocarritos.com\/de\/wp-json\/wp\/v2\/media\/4107"}],"wp:attachment":[{"href":"https:\/\/todocarritos.com\/de\/wp-json\/wp\/v2\/media?parent=2471"}],"wp:term":[{"taxonomy":"product_brand","embeddable":true,"href":"https:\/\/todocarritos.com\/de\/wp-json\/wp\/v2\/product_brand?post=2471"},{"taxonomy":"product_cat","embeddable":true,"href":"https:\/\/todocarritos.com\/de\/wp-json\/wp\/v2\/product_cat?post=2471"}],"curies":[{"name":"wp","href":"https:\/\/api.w.org\/{rel}","templated":true}]}}