{"id":2459,"date":"2025-08-06T10:42:45","date_gmt":"2025-08-06T08:42:45","guid":{"rendered":"https:\/\/todocarritos.com\/?product=isolierter-deluxe-trolley"},"modified":"2025-08-06T10:42:45","modified_gmt":"2025-08-06T08:42:45","slug":"isolierter-deluxe-trolley","status":"publish","type":"product","link":"https:\/\/todocarritos.com\/de\/isolierter-deluxe-trolley","title":{"rendered":"Isolierter Deluxe-Trolley"},"content":{"rendered":"","protected":false},"excerpt":{"rendered":"\n<p><strong>Der Deluxe Isothermal Trolley<\/strong> ist die perfekte L\u00f6sung, um Ihre Produkte w\u00e4hrend des Service frisch zu halten. Mit seinem <strong>speziell gef\u00e4rbten Dach<\/strong>, der <strong>wei\u00dfen oder rostfreien Stahltheke<\/strong> und den hochwertigen Rollen bietet dieser Wagen St\u00e4rke, Stil und Praktikabilit\u00e4t. Ideal f\u00fcr Lebensmittel- und Getr\u00e4nkeh\u00e4ndler bei Veranstaltungen, Messen oder unterwegs.<\/p>\n","protected":false},"featured_media":4460,"comment_status":"open","ping_status":"closed","template":"","meta":{"_acf_changed":false},"product_brand":[],"product_cat":[131,148,134,133],"class_list":{"0":"post-2459","1":"product","2":"type-product","3":"status-publish","4":"has-post-thumbnail","6":"product_cat-getraenkewagen","7":"product_cat-isothermischer-wagen","8":"product_cat-jahrmarktswagen","9":"product_cat-trolleys-fuer-veranstaltungen","11":"first","12":"instock","13":"taxable","14":"shipping-taxable","15":"product-type-simple"},"acf":[],"_links":{"self":[{"href":"https:\/\/todocarritos.com\/de\/wp-json\/wp\/v2\/product\/2459","targetHints":{"allow":["GET"]}}],"collection":[{"href":"https:\/\/todocarritos.com\/de\/wp-json\/wp\/v2\/product"}],"about":[{"href":"https:\/\/todocarritos.com\/de\/wp-json\/wp\/v2\/types\/product"}],"replies":[{"embeddable":true,"href":"https:\/\/todocarritos.com\/de\/wp-json\/wp\/v2\/comments?post=2459"}],"wp:featuredmedia":[{"embeddable":true,"href":"https:\/\/todocarritos.com\/de\/wp-json\/wp\/v2\/media\/4460"}],"wp:attachment":[{"href":"https:\/\/todocarritos.com\/de\/wp-json\/wp\/v2\/media?parent=2459"}],"wp:term":[{"taxonomy":"product_brand","embeddable":true,"href":"https:\/\/todocarritos.com\/de\/wp-json\/wp\/v2\/product_brand?post=2459"},{"taxonomy":"product_cat","embeddable":true,"href":"https:\/\/todocarritos.com\/de\/wp-json\/wp\/v2\/product_cat?post=2459"}],"curies":[{"name":"wp","href":"https:\/\/api.w.org\/{rel}","templated":true}]}}