{"id":2456,"date":"2025-08-06T10:45:14","date_gmt":"2025-08-06T08:45:14","guid":{"rendered":"https:\/\/todocarritos.com\/?product=essential-coffee-trolley"},"modified":"2025-08-06T10:45:14","modified_gmt":"2025-08-06T08:45:14","slug":"essential-coffee-trolley","status":"publish","type":"product","link":"https:\/\/todocarritos.com\/de\/essential-coffee-trolley","title":{"rendered":"Essential Coffee Trolley"},"content":{"rendered":"","protected":false},"excerpt":{"rendered":"<p><strong>Der Essential Coffee Trolley<\/strong> ist die perfekte Wahl f\u00fcr alle, die auf der Suche nach Funktionalit\u00e4t zu einem g\u00fcnstigen Preis sind. Mit einer <strong>farbigen Standardhaube<\/strong> und einer <strong>wei\u00dfen oder rostfreien Theke<\/strong> ist dieser Wagen so konzipiert, dass er bei Veranstaltungen und in mobilen Caf\u00e9s einen qualitativ hochwertigen Service bietet, ohne dass Sie sich darum k\u00fcmmern m\u00fcssen. Ideal f\u00fcr alle, die einen robusten und leicht zu bewegenden Wagen ben\u00f6tigen.  <\/p>\n<p>*Zubeh\u00f6r ist nicht enthalten.<\/p>\n","protected":false},"featured_media":3827,"comment_status":"open","ping_status":"closed","template":"","meta":{"_acf_changed":false},"product_brand":[],"product_cat":[131,134,132,133],"class_list":{"0":"post-2456","1":"product","2":"type-product","3":"status-publish","4":"has-post-thumbnail","6":"product_cat-getraenkewagen","7":"product_cat-jahrmarktswagen","8":"product_cat-kaffeewagen","9":"product_cat-trolleys-fuer-veranstaltungen","11":"first","12":"instock","13":"taxable","14":"shipping-taxable","15":"product-type-simple"},"acf":[],"_links":{"self":[{"href":"https:\/\/todocarritos.com\/de\/wp-json\/wp\/v2\/product\/2456","targetHints":{"allow":["GET"]}}],"collection":[{"href":"https:\/\/todocarritos.com\/de\/wp-json\/wp\/v2\/product"}],"about":[{"href":"https:\/\/todocarritos.com\/de\/wp-json\/wp\/v2\/types\/product"}],"replies":[{"embeddable":true,"href":"https:\/\/todocarritos.com\/de\/wp-json\/wp\/v2\/comments?post=2456"}],"wp:featuredmedia":[{"embeddable":true,"href":"https:\/\/todocarritos.com\/de\/wp-json\/wp\/v2\/media\/3827"}],"wp:attachment":[{"href":"https:\/\/todocarritos.com\/de\/wp-json\/wp\/v2\/media?parent=2456"}],"wp:term":[{"taxonomy":"product_brand","embeddable":true,"href":"https:\/\/todocarritos.com\/de\/wp-json\/wp\/v2\/product_brand?post=2456"},{"taxonomy":"product_cat","embeddable":true,"href":"https:\/\/todocarritos.com\/de\/wp-json\/wp\/v2\/product_cat?post=2456"}],"curies":[{"name":"wp","href":"https:\/\/api.w.org\/{rel}","templated":true}]}}