{"id":2446,"date":"2025-08-06T10:46:18","date_gmt":"2025-08-06T08:46:18","guid":{"rendered":"https:\/\/todocarritos.com\/?product=deluxe-kaffeewagen"},"modified":"2025-08-06T10:46:18","modified_gmt":"2025-08-06T08:46:18","slug":"deluxe-kaffeewagen","status":"publish","type":"product","link":"https:\/\/todocarritos.com\/de\/deluxe-kaffeewagen","title":{"rendered":"Deluxe Kaffeewagen"},"content":{"rendered":"","protected":false},"excerpt":{"rendered":"<p><strong>Steigern Sie Ihren Umsatz mit einem professionellen, mobilen und sofort anpassbaren Kaffeewagen.<\/strong>  Der Deluxe Coffee Trolley kombiniert ein elegantes Design, Sichtbarkeit durch ein spezielles farbiges Verdeck und stabile Mobilit\u00e4t dank seiner verst\u00e4rkten R\u00e4der. Ideal f\u00fcr mobile Caf\u00e9s, Veranstaltungen und tempor\u00e4re Einzelhandelsgesch\u00e4fte.<\/p>\n<p>*Zubeh\u00f6r ist nicht enthalten.<\/p>\n","protected":false},"featured_media":3997,"comment_status":"open","ping_status":"closed","template":"","meta":{"_acf_changed":false},"product_brand":[],"product_cat":[131,134,132,133],"class_list":{"0":"post-2446","1":"product","2":"type-product","3":"status-publish","4":"has-post-thumbnail","6":"product_cat-getraenkewagen","7":"product_cat-jahrmarktswagen","8":"product_cat-kaffeewagen","9":"product_cat-trolleys-fuer-veranstaltungen","11":"first","12":"instock","13":"taxable","14":"shipping-taxable","15":"product-type-simple"},"acf":[],"_links":{"self":[{"href":"https:\/\/todocarritos.com\/de\/wp-json\/wp\/v2\/product\/2446","targetHints":{"allow":["GET"]}}],"collection":[{"href":"https:\/\/todocarritos.com\/de\/wp-json\/wp\/v2\/product"}],"about":[{"href":"https:\/\/todocarritos.com\/de\/wp-json\/wp\/v2\/types\/product"}],"replies":[{"embeddable":true,"href":"https:\/\/todocarritos.com\/de\/wp-json\/wp\/v2\/comments?post=2446"}],"wp:featuredmedia":[{"embeddable":true,"href":"https:\/\/todocarritos.com\/de\/wp-json\/wp\/v2\/media\/3997"}],"wp:attachment":[{"href":"https:\/\/todocarritos.com\/de\/wp-json\/wp\/v2\/media?parent=2446"}],"wp:term":[{"taxonomy":"product_brand","embeddable":true,"href":"https:\/\/todocarritos.com\/de\/wp-json\/wp\/v2\/product_brand?post=2446"},{"taxonomy":"product_cat","embeddable":true,"href":"https:\/\/todocarritos.com\/de\/wp-json\/wp\/v2\/product_cat?post=2446"}],"curies":[{"name":"wp","href":"https:\/\/api.w.org\/{rel}","templated":true}]}}