{"id":3095,"date":"2025-07-21T14:03:40","date_gmt":"2025-07-21T12:03:40","guid":{"rendered":"https:\/\/todocarritos.com\/?page_id=3095"},"modified":"2025-09-23T10:20:50","modified_gmt":"2025-09-23T08:20:50","slug":"rueckgaberecht","status":"publish","type":"page","link":"https:\/\/todocarritos.com\/de\/rueckgaberecht","title":{"rendered":"R\u00fcckgaberecht"},"content":{"rendered":"\n<h3 class=\"wp-block-heading\">Versand des Pakets<\/h3>\n\n<p>In der Regel werden Pakete innerhalb von 48 Stunden nach Zahlungseingang per TXT mit Sendungsverfolgungsnummer und Zustellung ohne Unterschrift versandt. Wenn Sie einen versicherten Versand per TXT bevorzugen, f\u00e4llt eine zus\u00e4tzliche Geb\u00fchr an. Bitte kontaktieren Sie uns, bevor Sie diese Option w\u00e4hlen. Unabh\u00e4ngig davon, f\u00fcr welche Versandart Sie sich entscheiden, erhalten Sie von uns einen Link, \u00fcber den Sie Ihre Bestellung online verfolgen k\u00f6nnen.   <\/p>\n\n<p>Die Versandkosten umfassen die Kosten f\u00fcr Bearbeitung und Verpackung sowie die Portokosten. Die Bearbeitungskosten sind fest, w\u00e4hrend die Transportkosten je nach Gesamtgewicht des Pakets variieren k\u00f6nnen. Wir empfehlen Ihnen, alle Ihre Artikel in einer Bestellung zusammenzufassen. Wir k\u00f6nnen zwei verschiedene Bestellungen nicht zusammenfassen, und die Versandkosten werden f\u00fcr jede Bestellung einzeln berechnet. Wir \u00fcbernehmen keine Verantwortung f\u00fcr Sch\u00e4den, die Ihr Paket nach dem Versand erleiden k\u00f6nnte, aber wir tun unser Bestes, um alle zerbrechlichen Artikel zu sch\u00fctzen.    <br\/><br\/>Die Kartons sind gro\u00df und Ihre Artikel sind gut gesch\u00fctzt.<\/p>\n","protected":false},"excerpt":{"rendered":"<p>Versand des Pakets In der Regel werden Pakete innerhalb von 48 Stunden nach Zahlungseingang per TXT mit Sendungsverfolgungsnummer und Zustellung ohne Unterschrift versandt. Wenn Sie einen versicherten Versand per TXT bevorzugen, f\u00e4llt eine zus\u00e4tzliche Geb\u00fchr an. Bitte kontaktieren Sie uns, bevor Sie diese Option w\u00e4hlen. Unabh\u00e4ngig davon, f\u00fcr welche Versandart Sie sich entscheiden, erhalten Sie [&hellip;]<\/p>\n","protected":false},"author":2,"featured_media":0,"parent":0,"menu_order":0,"comment_status":"closed","ping_status":"closed","template":"","meta":{"_acf_changed":false,"footnotes":""},"class_list":["post-3095","page","type-page","status-publish","hentry"],"acf":[],"_links":{"self":[{"href":"https:\/\/todocarritos.com\/de\/wp-json\/wp\/v2\/pages\/3095","targetHints":{"allow":["GET"]}}],"collection":[{"href":"https:\/\/todocarritos.com\/de\/wp-json\/wp\/v2\/pages"}],"about":[{"href":"https:\/\/todocarritos.com\/de\/wp-json\/wp\/v2\/types\/page"}],"author":[{"embeddable":true,"href":"https:\/\/todocarritos.com\/de\/wp-json\/wp\/v2\/users\/2"}],"replies":[{"embeddable":true,"href":"https:\/\/todocarritos.com\/de\/wp-json\/wp\/v2\/comments?post=3095"}],"version-history":[{"count":0,"href":"https:\/\/todocarritos.com\/de\/wp-json\/wp\/v2\/pages\/3095\/revisions"}],"wp:attachment":[{"href":"https:\/\/todocarritos.com\/de\/wp-json\/wp\/v2\/media?parent=3095"}],"curies":[{"name":"wp","href":"https:\/\/api.w.org\/{rel}","templated":true}]}}