{"id":3048,"date":"2025-07-18T11:01:51","date_gmt":"2025-07-18T09:01:51","guid":{"rendered":"https:\/\/todocarritos.com\/?page_id=3048"},"modified":"2025-09-23T10:20:47","modified_gmt":"2025-09-23T08:20:47","slug":"kontakt","status":"publish","type":"page","link":"https:\/\/todocarritos.com\/de\/kontakt","title":{"rendered":"Kontakt"},"content":{"rendered":"\t\t<div data-elementor-type=\"wp-page\" data-elementor-id=\"3048\" class=\"elementor elementor-3048 elementor-263\" data-elementor-post-type=\"page\">\n\t\t\t\t<div class=\"elementor-element elementor-element-ccfec10 e-flex e-con-boxed e-con e-parent\" data-id=\"ccfec10\" data-element_type=\"container\" data-settings=\"{&quot;background_background&quot;:&quot;classic&quot;}\">\n\t\t\t\t\t<div class=\"e-con-inner\">\n\t\t\t\t<div class=\"elementor-element elementor-element-f527ad6 elementor-widget elementor-widget-heading\" data-id=\"f527ad6\" data-element_type=\"widget\" data-widget_type=\"heading.default\">\n\t\t\t\t\t<h2 class=\"elementor-heading-title elementor-size-default\">Kontakt<\/h2>\t\t\t\t<\/div>\n\t\t\t\t\t<\/div>\n\t\t\t\t<\/div>\n\t\t<div class=\"elementor-element elementor-element-39f72f9 e-flex e-con-boxed e-con e-parent\" data-id=\"39f72f9\" data-element_type=\"container\">\n\t\t\t\t\t<div class=\"e-con-inner\">\n\t\t<div class=\"elementor-element elementor-element-8cf120c e-con-full elementor-hidden-mobile e-flex e-con e-child\" data-id=\"8cf120c\" data-element_type=\"container\">\n\t\t\t\t<div class=\"elementor-element elementor-element-0e5ddf6 elementor-widget elementor-widget-image\" data-id=\"0e5ddf6\" data-element_type=\"widget\" data-widget_type=\"image.default\">\n\t\t\t\t\t\t\t\t\t\t\t\t\t\t\t<img fetchpriority=\"high\" decoding=\"async\" width=\"800\" height=\"1000\" src=\"https:\/\/todocarritos.com\/wp-content\/uploads\/2025\/09\/Diseno-sin-titulo-8-819x1024.webp\" class=\"attachment-large size-large wp-image-4156\" alt=\"\" srcset=\"https:\/\/todocarritos.com\/wp-content\/uploads\/2025\/09\/Diseno-sin-titulo-8-819x1024.webp 819w, https:\/\/todocarritos.com\/wp-content\/uploads\/2025\/09\/Diseno-sin-titulo-8-240x300.webp 240w, https:\/\/todocarritos.com\/wp-content\/uploads\/2025\/09\/Diseno-sin-titulo-8-768x960.webp 768w, https:\/\/todocarritos.com\/wp-content\/uploads\/2025\/09\/Diseno-sin-titulo-8-1229x1536.webp 1229w, https:\/\/todocarritos.com\/wp-content\/uploads\/2025\/09\/Diseno-sin-titulo-8-1638x2048.webp 1638w, https:\/\/todocarritos.com\/wp-content\/uploads\/2025\/09\/Diseno-sin-titulo-8-600x750.webp 600w, https:\/\/todocarritos.com\/wp-content\/uploads\/2025\/09\/Diseno-sin-titulo-8.webp 2000w\" sizes=\"(max-width: 800px) 100vw, 800px\" title=\"\">\t\t\t\t\t\t\t\t\t\t\t\t\t\t\t<\/div>\n\t\t\t\t<\/div>\n\t\t<div class=\"elementor-element elementor-element-631061a e-con-full e-flex e-con e-child\" data-id=\"631061a\" data-element_type=\"container\">\n\t\t\t\t<div class=\"elementor-element elementor-element-532d8d4 elementor-widget elementor-widget-heading\" data-id=\"532d8d4\" data-element_type=\"widget\" data-widget_type=\"heading.default\">\n\t\t\t\t\t<h2 class=\"elementor-heading-title elementor-size-default\">Kontaktieren Sie uns f\u00fcr eine optimale Beratung<\/h2>\t\t\t\t<\/div>\n\t\t\t\t<div class=\"elementor-element elementor-element-d7f1f21 elementor-button-align-stretch elementor-widget elementor-widget-form\" data-id=\"d7f1f21\" data-element_type=\"widget\" data-settings=\"{&quot;step_next_label&quot;:&quot;N\\u00e4chste&quot;,&quot;step_previous_label&quot;:&quot;Vorherige&quot;,&quot;button_width&quot;:&quot;100&quot;,&quot;step_type&quot;:&quot;number_text&quot;,&quot;step_icon_shape&quot;:&quot;circle&quot;}\" data-widget_type=\"form.default\">\n\t\t\t\t\t\t\t<form class=\"elementor-form\" method=\"post\" name=\"Kontaktformular\" aria-label=\"Kontaktformular\">\n\t\t\t<input type=\"hidden\" name=\"post_id\" value=\"3048\"\/>\n\t\t\t<input type=\"hidden\" name=\"form_id\" value=\"d7f1f21\"\/>\n\t\t\t<input type=\"hidden\" name=\"referer_title\" value=\"Kontakt | TodoCarritos\" \/>\n\n\t\t\t\t\t\t\t<input type=\"hidden\" name=\"queried_id\" value=\"3048\"\/>\n\t\t\t\n\t\t\t<div class=\"elementor-form-fields-wrapper elementor-labels-\">\n\t\t\t\t\t\t\t\t<div class=\"elementor-field-type-text elementor-field-group elementor-column elementor-field-group-name elementor-col-100\">\n\t\t\t\t\t\t\t\t\t\t\t\t<label for=\"form-field-name\" class=\"elementor-field-label elementor-screen-only\">\n\t\t\t\t\t\t\t\tName\t\t\t\t\t\t\t<\/label>\n\t\t\t\t\t\t\t\t\t\t\t\t\t\t<input size=\"1\" type=\"text\" name=\"form_fields[name]\" id=\"form-field-name\" class=\"elementor-field elementor-size-sm  elementor-field-textual\" placeholder=\"Name\">\n\t\t\t\t\t\t\t\t\t\t\t<\/div>\n\t\t\t\t\t\t\t\t<div class=\"elementor-field-type-email elementor-field-group elementor-column elementor-field-group-email elementor-col-100 elementor-field-required\">\n\t\t\t\t\t\t\t\t\t\t\t\t<label for=\"form-field-email\" class=\"elementor-field-label elementor-screen-only\">\n\t\t\t\t\t\t\t\tE-Mail\t\t\t\t\t\t\t<\/label>\n\t\t\t\t\t\t\t\t\t\t\t\t\t\t<input size=\"1\" type=\"email\" name=\"form_fields[email]\" id=\"form-field-email\" class=\"elementor-field elementor-size-sm  elementor-field-textual\" placeholder=\"E-Mail\" required=\"required\">\n\t\t\t\t\t\t\t\t\t\t\t<\/div>\n\t\t\t\t\t\t\t\t<div class=\"elementor-field-type-textarea elementor-field-group elementor-column elementor-field-group-message elementor-col-100\">\n\t\t\t\t\t\t\t\t\t\t\t\t<label for=\"form-field-message\" class=\"elementor-field-label elementor-screen-only\">\n\t\t\t\t\t\t\t\tNachricht\t\t\t\t\t\t\t<\/label>\n\t\t\t\t\t\t<textarea class=\"elementor-field-textual elementor-field  elementor-size-sm\" name=\"form_fields[message]\" id=\"form-field-message\" rows=\"10\" placeholder=\"Nachricht\"><\/textarea>\t\t\t\t<\/div>\n\t\t\t\t\t\t\t\t<div class=\"elementor-field-group elementor-column elementor-field-type-submit elementor-col-100 e-form__buttons\">\n\t\t\t\t\t<button class=\"elementor-button elementor-size-sm\" type=\"submit\">\n\t\t\t\t\t\t<span class=\"elementor-button-content-wrapper\">\n\t\t\t\t\t\t\t\t\t\t\t\t\t\t\t\t\t\t\t\t\t\t<span class=\"elementor-button-text\">Senden<\/span>\n\t\t\t\t\t\t\t\t\t\t\t\t\t<\/span>\n\t\t\t\t\t<\/button>\n\t\t\t\t<\/div>\n\t\t\t<\/div>\n\t\t<\/form>\n\t\t\t\t\t\t<\/div>\n\t\t\t\t<\/div>\n\t\t\t\t\t<\/div>\n\t\t\t\t<\/div>\n\t\t<div class=\"elementor-element elementor-element-5ce8ab1 e-flex e-con-boxed e-con e-parent\" data-id=\"5ce8ab1\" data-element_type=\"container\" data-settings=\"{&quot;background_background&quot;:&quot;classic&quot;}\">\n\t\t\t\t\t<div class=\"e-con-inner\">\n\t\t<div class=\"elementor-element elementor-element-d213cff e-con-full e-flex e-con e-child\" data-id=\"d213cff\" data-element_type=\"container\">\n\t\t\t\t<div class=\"elementor-element elementor-element-46ba8c4 elementor-widget__width-initial elementor-widget elementor-widget-image\" data-id=\"46ba8c4\" data-element_type=\"widget\" data-widget_type=\"image.default\">\n\t\t\t\t\t\t\t\t\t\t\t\t\t\t\t<img decoding=\"async\" width=\"139\" height=\"136\" src=\"https:\/\/todocarritos.com\/wp-content\/uploads\/2025\/07\/l.webp\" class=\"attachment-large size-large wp-image-1520\" alt=\"\" title=\"\">\t\t\t\t\t\t\t\t\t\t\t\t\t\t\t<\/div>\n\t\t<div class=\"elementor-element elementor-element-ed38562 e-con-full e-flex e-con e-child\" data-id=\"ed38562\" data-element_type=\"container\">\n\t\t\t\t<div class=\"elementor-element elementor-element-2f057cd elementor-widget elementor-widget-heading\" data-id=\"2f057cd\" data-element_type=\"widget\" data-widget_type=\"heading.default\">\n\t\t\t\t\t<h2 class=\"elementor-heading-title elementor-size-default\">Adresse<\/h2>\t\t\t\t<\/div>\n\t\t\t\t<div class=\"elementor-element elementor-element-9ae627a elementor-widget elementor-widget-text-editor\" data-id=\"9ae627a\" data-element_type=\"widget\" data-widget_type=\"text-editor.default\">\n\t\t\t\t\t\t\t\t\t<p><a href=\"https:\/\/maps.app.goo.gl\/eksnCH6ddCZAS9457\" target=\"_blank\" rel=\"noopener\">C. Juan Bautista Escudero, 10, A, 14014 C\u00f3rdoba<\/a><\/p>\t\t\t\t\t\t\t\t<\/div>\n\t\t\t\t<\/div>\n\t\t\t\t<\/div>\n\t\t<div class=\"elementor-element elementor-element-83615f7 e-con-full e-flex e-con e-child\" data-id=\"83615f7\" data-element_type=\"container\">\n\t\t\t\t<div class=\"elementor-element elementor-element-fb5586e elementor-widget__width-initial elementor-widget elementor-widget-image\" data-id=\"fb5586e\" data-element_type=\"widget\" data-widget_type=\"image.default\">\n\t\t\t\t\t\t\t\t\t\t\t\t\t\t\t<img decoding=\"async\" width=\"139\" height=\"136\" src=\"https:\/\/todocarritos.com\/wp-content\/uploads\/2025\/07\/Frame-1859.webp\" class=\"attachment-large size-large wp-image-1528\" alt=\"\" title=\"\">\t\t\t\t\t\t\t\t\t\t\t\t\t\t\t<\/div>\n\t\t<div class=\"elementor-element elementor-element-bc6052b e-con-full e-flex e-con e-child\" data-id=\"bc6052b\" data-element_type=\"container\">\n\t\t\t\t<div class=\"elementor-element elementor-element-1b2639a elementor-widget elementor-widget-heading\" data-id=\"1b2639a\" data-element_type=\"widget\" data-widget_type=\"heading.default\">\n\t\t\t\t\t<h2 class=\"elementor-heading-title elementor-size-default\">Kontakt<\/h2>\t\t\t\t<\/div>\n\t\t\t\t<div class=\"elementor-element elementor-element-8d492a5 elementor-widget elementor-widget-text-editor\" data-id=\"8d492a5\" data-element_type=\"widget\" data-widget_type=\"text-editor.default\">\n\t\t\t\t\t\t\t\t\t<p><a href=\"tel:+34673189145\">673 18 91 45 <\/a><a href=\"mailto:info@todocarritos.com\">info@todocarritos.com<\/a><\/p>\t\t\t\t\t\t\t\t<\/div>\n\t\t\t\t<\/div>\n\t\t\t\t<\/div>\n\t\t<div class=\"elementor-element elementor-element-d4b4a02 e-con-full e-flex e-con e-child\" data-id=\"d4b4a02\" data-element_type=\"container\">\n\t\t\t\t<div class=\"elementor-element elementor-element-6cd5ea7 elementor-widget__width-initial elementor-widget elementor-widget-image\" data-id=\"6cd5ea7\" data-element_type=\"widget\" data-widget_type=\"image.default\">\n\t\t\t\t\t\t\t\t\t\t\t\t\t\t\t<img loading=\"lazy\" decoding=\"async\" width=\"139\" height=\"136\" src=\"https:\/\/todocarritos.com\/wp-content\/uploads\/2025\/07\/h.webp\" class=\"attachment-large size-large wp-image-1524\" alt=\"\" title=\"\">\t\t\t\t\t\t\t\t\t\t\t\t\t\t\t<\/div>\n\t\t<div class=\"elementor-element elementor-element-98c12e2 e-con-full e-flex e-con e-child\" data-id=\"98c12e2\" data-element_type=\"container\">\n\t\t\t\t<div class=\"elementor-element elementor-element-020e473 elementor-widget elementor-widget-heading\" data-id=\"020e473\" data-element_type=\"widget\" data-widget_type=\"heading.default\">\n\t\t\t\t\t<h2 class=\"elementor-heading-title elementor-size-default\">\u00d6ffnungszeiten<\/h2>\t\t\t\t<\/div>\n\t\t\t\t<div class=\"elementor-element elementor-element-2430157 elementor-widget elementor-widget-text-editor\" data-id=\"2430157\" data-element_type=\"widget\" data-widget_type=\"text-editor.default\">\n\t\t\t\t\t\t\t\t\t<p>Von 08:00 bis 16:00 Uhr<\/p>\t\t\t\t\t\t\t\t<\/div>\n\t\t\t\t<\/div>\n\t\t\t\t<\/div>\n\t\t\t\t\t<\/div>\n\t\t\t\t<\/div>\n\t\t\t\t<\/div>\n\t\t","protected":false},"excerpt":{"rendered":"<p>Kontakt Kontaktieren Sie uns f\u00fcr eine optimale Beratung Adresse C. Juan Bautista Escudero, 10, A, 14014 C\u00f3rdoba Kontakt 673 18 91 45 info@todocarritos.com \u00d6ffnungszeiten Von 08:00 bis 16:00 Uhr<\/p>\n","protected":false},"author":2,"featured_media":0,"parent":0,"menu_order":0,"comment_status":"closed","ping_status":"closed","template":"","meta":{"_acf_changed":false,"footnotes":""},"class_list":["post-3048","page","type-page","status-publish","hentry"],"acf":[],"_links":{"self":[{"href":"https:\/\/todocarritos.com\/de\/wp-json\/wp\/v2\/pages\/3048","targetHints":{"allow":["GET"]}}],"collection":[{"href":"https:\/\/todocarritos.com\/de\/wp-json\/wp\/v2\/pages"}],"about":[{"href":"https:\/\/todocarritos.com\/de\/wp-json\/wp\/v2\/types\/page"}],"author":[{"embeddable":true,"href":"https:\/\/todocarritos.com\/de\/wp-json\/wp\/v2\/users\/2"}],"replies":[{"embeddable":true,"href":"https:\/\/todocarritos.com\/de\/wp-json\/wp\/v2\/comments?post=3048"}],"version-history":[{"count":0,"href":"https:\/\/todocarritos.com\/de\/wp-json\/wp\/v2\/pages\/3048\/revisions"}],"wp:attachment":[{"href":"https:\/\/todocarritos.com\/de\/wp-json\/wp\/v2\/media?parent=3048"}],"curies":[{"name":"wp","href":"https:\/\/api.w.org\/{rel}","templated":true}]}}